{"id":1591,"date":"2021-08-26T08:00:10","date_gmt":"2021-08-26T08:00:10","guid":{"rendered":"https:\/\/ruscalleda.cat\/politica-de-cookies\/"},"modified":"2021-09-29T08:58:47","modified_gmt":"2021-09-29T08:58:47","slug":"politica-de-cookies","status":"publish","type":"page","link":"https:\/\/ruscalleda.cat\/es\/politica-de-cookies\/","title":{"rendered":"Cookies"},"content":{"rendered":"\n<h1 class=\"wp-block-heading\">Pol\u00edtica de cookies<\/h1>\n\n\n\n<p>Per al bon funcionament dels llocs web del restaurant Sant Pau, el sistema de navegaci\u00f3 i el programari utilitzats recullen algunes dades de navegaci\u00f3 (en endavant,&nbsp;<em>cookies<\/em>) que s\u00f3n necess\u00e0ries en l\u2019\u00fas dels protocols de comunicaci\u00f3 d\u2019internet. Les&nbsp;<em>cookies&nbsp;<\/em>s\u00f3n petits arxius de text que el navegador emmagatzema quan es navega per llocs web i aplicacions. Poden recollir l\u2019adre\u00e7a IP que fa servir l\u2019ordinador per connectar-se al lloc web, l\u2019adre\u00e7a URL de la p\u00e0gina web demanada, l\u2019hora de la connexi\u00f3 i altres par\u00e0metres relatius al sistema operatiu de l\u2019entorn inform\u00e0tic de l\u2019usuari. Aquesta informaci\u00f3 no s\u2019associa a cap persona perqu\u00e8 no s\u2019emmagatzemen dades personals identificatives, sin\u00f3 que \u00e9s nom\u00e9s una informaci\u00f3 que es recull per identificar la sessi\u00f3 amb l\u2019objectiu de facilitar les an\u00e0lisis del lloc web.<br>Les cookies queden emmagatzemades a la mem\u00f2ria del navegador de l\u2019usuari, tot i que la informaci\u00f3 que contenen no s\u2019utilitza. En aquesta secci\u00f3 donarem a l\u2019usuari informaci\u00f3 espec\u00edfica de les&nbsp;<em>cookies<\/em>&nbsp;que es fan servir als portals del restaurant Sant Pau i l\u2019informarem de les maneres m\u00e9s habituals per esborrar-les o desactivar-les. Per controlar l\u2019\u00fas de les&nbsp;<em>cookies&nbsp;<\/em>que fan els llocs web, l\u2019usuari pot definir la configuraci\u00f3 de privacitat del seu navegador. Si es deshabiliten completament les&nbsp;<em>cookies<\/em>, \u00e9s possible que alguns serveis dels webs del restaurant Sant Pau no funcionin correctament.<\/p>\n\n\n\n<h3 class=\"wp-block-heading\">1. Gesti\u00f3 de les&nbsp;<em>cookies<\/em><\/h3>\n\n\n\n<p>Tot i que el restaurant Sant Pau no fa servir&nbsp;<em>cookies&nbsp;<\/em>per recollir dades personals identificatives, informem de la manera en qu\u00e8 l\u2019usuari pot restringir o bloquejar les&nbsp;<em>cookies&nbsp;<\/em>quan navega pels llocs web del restaurant Sant Pau. Recomanem el lloc web&nbsp;<a href=\"http:\/\/www.aboutcookies.org\/\">www.aboutcookies.org<\/a>&nbsp;als usuaris que vulguin m\u00e9s informaci\u00f3 i m\u00e9s detalls sobre la gesti\u00f3 de&nbsp;<em>cookies<\/em>. D\u2019altra banda, a l\u2019adre\u00e7a&nbsp;<a href=\"http:\/\/www.aboutcookies.org\/how-to-control-cookies\/\">www.aboutcookies.org\/how-to-control-cookies\/<\/a>&nbsp;es pot consultar com es gestionen les&nbsp;<em>cookies&nbsp;<\/em>segons el navegador.<\/p>\n\n\n\n<h3 class=\"wp-block-heading\">2.&nbsp;<em>Cookies<\/em>&nbsp;que desa el restaurant Sant Pau<\/h3>\n\n\n\n<p>QuQuan els usuaris naveguen pels portals del restaurant Sant Pau es desa informaci\u00f3 an\u00f2nima per facilitar l\u2019acc\u00e9s al contingut.<\/p>\n\n\n\n<h3 class=\"wp-block-heading\">3.&nbsp;<em>Cookies&nbsp;<\/em>de tercers<\/h3>\n\n\n\n<p>Els portals del restaurant Sant Pau tamb\u00e9 fan servir&nbsp;<em>cookies<\/em>&nbsp;i tecnologies d\u2019altres empreses. Google Analytics es fa servir per mesurar estad\u00edstiques d\u2019acc\u00e9s a les p\u00e0gines (m\u00e9s informaci\u00f3) i Google Maps es fa servir per oferir servei de posicionament de continguts.<\/p>\n\n\n\n<p>Per a m\u00e9s informaci\u00f3 sobre les&nbsp;<em>cookies<\/em>&nbsp;utilitzades, visiteu la p\u00e0gina&nbsp;(<a href=\"http:\/\/www.cookie-checker.com\/check-cookies.php?url=ruscalleda.com\">http:\/\/www.cookie-checker.com\/check-cookies.php?url=ruscalleda.com<\/a>)<\/p>\n\n\n\n<h3 class=\"wp-block-heading\">4.&nbsp;<em>Cookies&nbsp;<\/em>de llocs web de tercers<\/h3>\n\n\n\n<p>Als portals informatius o d\u2019entreteniment del restaurant Sant Pau, de vegades s\u2019insereixen fotos i continguts de v\u00eddeo de llocs web com YouTube i Vimeo. El contingut est\u00e0 inserit als nostres portals i hi ha la possibilitat que els llocs web de refer\u00e8ncia disposin de&nbsp;<em>cookies<\/em>. El restaurant Sant Pau no t\u00e9 el control sobre la difusi\u00f3 i la gesti\u00f3 d\u2019aquestes&nbsp;<em>cookies<\/em>&nbsp;i, per tant, es recomana que es revisin les pol\u00edtiques de privacitat d\u2019aquests llocs web per informar-se\u2019n.<\/p>\n\n\n\n<p>En cas que l\u2019usuari comparteixi contingut dels portals web en determinades xarxes socials, hi ha la possibilitat que aquests llocs incloguin alguna&nbsp;<em>cookie<\/em>&nbsp;en el moment de registrar-se al seu servei. El restaurant Sant Pau no t\u00e9 control sobre la difusi\u00f3 i la gesti\u00f3 d\u2019aquestes&nbsp;<em>cookies<\/em>, i es recomana a l\u2019usuari que consulti la informaci\u00f3 relativa a les pol\u00edtiques de privacitat d\u2019aquests llocs web per informar-se\u2019n.<\/p>\n","protected":false},"excerpt":{"rendered":"<p>Pol\u00edtica de cookies Per al bon funcionament dels llocs web del restaurant Sant Pau, el sistema de navegaci\u00f3 i el programari utilitzats recullen algunes dades de navegaci\u00f3 (en endavant,&nbsp;cookies) que s\u00f3n necess\u00e0ries en l\u2019\u00fas dels protocols de comunicaci\u00f3 d\u2019internet. Les&nbsp;cookies&nbsp;s\u00f3n petits arxius de text que el navegador emmagatzema quan es navega per llocs web i [&hellip;]<\/p>\n","protected":false},"author":1,"featured_media":0,"parent":0,"menu_order":0,"comment_status":"closed","ping_status":"closed","template":"","meta":{"footnotes":""},"class_list":["post-1591","page","type-page","status-publish","hentry"],"_links":{"self":[{"href":"https:\/\/ruscalleda.cat\/es\/wp-json\/wp\/v2\/pages\/1591","targetHints":{"allow":["GET"]}}],"collection":[{"href":"https:\/\/ruscalleda.cat\/es\/wp-json\/wp\/v2\/pages"}],"about":[{"href":"https:\/\/ruscalleda.cat\/es\/wp-json\/wp\/v2\/types\/page"}],"author":[{"embeddable":true,"href":"https:\/\/ruscalleda.cat\/es\/wp-json\/wp\/v2\/users\/1"}],"replies":[{"embeddable":true,"href":"https:\/\/ruscalleda.cat\/es\/wp-json\/wp\/v2\/comments?post=1591"}],"version-history":[{"count":0,"href":"https:\/\/ruscalleda.cat\/es\/wp-json\/wp\/v2\/pages\/1591\/revisions"}],"wp:attachment":[{"href":"https:\/\/ruscalleda.cat\/es\/wp-json\/wp\/v2\/media?parent=1591"}],"curies":[{"name":"wp","href":"https:\/\/api.w.org\/{rel}","templated":true}]}}