{"id":1586,"date":"2021-07-01T09:49:05","date_gmt":"2021-07-01T09:49:05","guid":{"rendered":"https:\/\/ruscalleda.cat\/avis-legal\/"},"modified":"2021-09-29T08:57:45","modified_gmt":"2021-09-29T08:57:45","slug":"avis-legal","status":"publish","type":"page","link":"https:\/\/ruscalleda.cat\/es\/avis-legal\/","title":{"rendered":"Aviso legal"},"content":{"rendered":"\n<h1 class=\"wp-block-heading\">AVISO LEGAL<\/h1>\n\n\n\n<p>Esta p\u00e1gina web ha sido creada por Carme Ruscalleda (en adelante, Restaurant Sant Pau) con car\u00e1cter informativo. El acceso a esta p\u00e1gina implica el conocimiento y la aceptaci\u00f3n de los t\u00e9rminos y condiciones que aparecen a continuaci\u00f3n.<\/p>\n\n\n\n<h3 class=\"wp-block-heading\">Titularidad de la p\u00e1gina web<\/h3>\n\n\n\n<p>El nombre del dominio\u00a0<a href=\"http:\/\/www.ruscalleda.com\/\">www.ruscalleda.com<\/a>, est\u00e1 registrado a favor de Restaurant Sant Pau, con domicilio social en c\/ Nou, n\u00fam. 10, 08395 Sant Pol de Mar (Barcelona). El tel\u00e9fono de contacto es el +34 93 760 06 62 y la direcci\u00f3n de correo electr\u00f3nico es\u00a0<a href=\"mailto:santpau@ruscalleda.cat\">santpau@ruscalleda.cat<\/a><\/p>\n\n\n\n<h3 class=\"wp-block-heading\">Propiedad intelectual de la p\u00e1gina web<\/h3>\n\n\n\n<p>Todos los derechos de propiedad intelectual del contenido de esta p\u00e1gina web y su dise\u00f1o gr\u00e1fico son propiedad exclusiva de Restaurant Sant Pau, al que corresponde el ejercicio exclusivo de los derechos de explotaci\u00f3n.<\/p>\n\n\n\n<p>Por lo tanto, queda prohibida su reproducci\u00f3n, distribuci\u00f3n, comunicaci\u00f3n p\u00fablica y transformaci\u00f3n, total o parcial, sin la autorizaci\u00f3n expresa de Restaurant Sant Pau. Igualmente, todos los signos distintivos, marcas, nombres comerciales o signos de cualquier clase contenidos en esta p\u00e1gina web est\u00e1n protegidos por ley.<\/p>\n\n\n\n<h3 class=\"wp-block-heading\">Contenido de la p\u00e1gina web y enlaces<\/h3>\n\n\n\n<p>Restaurant Sant Pau no se responsabiliza del mal uso que se haga de los contenidos de su p\u00e1gina web; el posible mal uso es responsabilidad exclusiva de la persona que accede a la p\u00e1gina web o utiliza sus contenidos. Tampoco asume ninguna responsabilidad por la informaci\u00f3n contenida en las p\u00e1ginas web de terceros a las que se pueda acceder mediante enlaces desde la p\u00e1gina\u00a0<a href=\"http:\/\/www.ruscalleda.com\/\">www.ruscalleda.com<\/a>. La presencia de dichos enlaces tiene una finalidad informativa y no constituye en ning\u00fan caso una invitaci\u00f3n a la contrataci\u00f3n de productos o servicios que se ofrezcan en la p\u00e1gina web de destino. En caso de que Restaurant Sant Pau tenga conocimiento efectivo de que la actividad o la informaci\u00f3n a la que se remite desde dichos enlaces es il\u00edcita o constitutiva de delito, o que puede lesionar bienes o derechos de terceros susceptibles de indemnizaci\u00f3n, actuar\u00e1 con la diligencia necesaria para suprimir o inutilizar el enlace correspondiente lo antes posible.<\/p>\n\n\n\n<h3 class=\"wp-block-heading\">Actualizaci\u00f3n y modificaci\u00f3n de la p\u00e1gina web<\/h3>\n\n\n\n<p>Restaurant Sant Pau se reserva el derecho de actualizar, modificar o eliminar la informaci\u00f3n contenida en su p\u00e1gina web, y su configuraci\u00f3n o presentaci\u00f3n, en cualquier momento, sin previo aviso y sin asumir ninguna responsabilidad por ello.<\/p>\n\n\n\n<h3 class=\"wp-block-heading\">Indicaciones sobre aspectos t\u00e9cnicos<\/h3>\n\n\n\n<p>Restaurant Sant Pau no asume ninguna responsabilidad que pueda derivarse de problemas t\u00e9cnicos o fallos en los equipos inform\u00e1ticos no imputables a Restaurant Sant Pau, que se produzcan durante la conexi\u00f3n a la red de internet, o que puedan ser causados por terceras personas mediante intromisiones ileg\u00edtimas fuera de su control. Desde Restaurant Sant Pau no se garantiza la ausencia de virus y otros elementos que puedan causar da\u00f1os en los sistemas inform\u00e1ticos, en los documentos electr\u00f3nicos o en los ficheros de usuario de esta p\u00e1gina web o de p\u00e1ginas web de terceros y, por lo tanto, no se responsabiliza de los perjuicios que puedan producirse por estas causas.<\/p>\n\n\n\n<p>Tambi\u00e9n queda exonerado de toda responsabilidad ante posibles da\u00f1os o perjuicios que pueda sufrir el usuario como consecuencia de errores, defectos u omisiones en la informaci\u00f3n que facilita cuando proceda de terceras fuentes.<\/p>\n\n\n\n<h3 class=\"wp-block-heading\">Tratamiento de datos del usuario<\/h3>\n\n\n\n<p>Sin perjuicio de lo indicado en cada uno de los formularios de la p\u00e1gina web, cuando el usuario facilita sus datos de car\u00e1cter personal est\u00e1 autorizando expresamente a Restaurant Sant Pau a efectuar el tratamiento automatizado de sus datos personales para las finalidades indicadas en los formularios.<\/p>\n\n\n\n<p>Restaurant Sant Pau incorporar\u00e1 los datos facilitados por el usuario a un fichero de su titularidad debidamente comunicado a la Agencia de Protecci\u00f3n de Datos. Restaurant Sant Pau no ceder\u00e1 ni comunicar\u00e1 a terceros los datos recabados sin consentimiento del usuario. El usuario podr\u00e1 ejercer sus derechos de acceso, rectificaci\u00f3n, cancelaci\u00f3n u oposici\u00f3n comunic\u00e1ndolo por escrito a la direcci\u00f3n postal o de correo electr\u00f3nico de Restaurant Sant Pau.<\/p>\n\n\n\n<p>Nota sobre el uso de&nbsp;<em>cookies<\/em><br>Advertimos que esta p\u00e1gina puede utilizar&nbsp;<em>cookies<\/em>. El usuario tiene la opci\u00f3n de impedir la generaci\u00f3n de cookies mediante la selecci\u00f3n de la opci\u00f3n correspondiente en su programa de navegaci\u00f3n. M\u00e1s informaci\u00f3n sobre&nbsp;<em>cookies<\/em>.<\/p>\n\n\n\n<p>Legislaci\u00f3n y jurisdicci\u00f3n aplicable&nbsp;<br>Con car\u00e1cter general, las relaciones con los usuarios derivadas de la prestaci\u00f3n de los servicios contenidos en esta p\u00e1gina web est\u00e1n sometidas a la legislaci\u00f3n y jurisdicci\u00f3n espa\u00f1olas.<\/p>\n\n\n\n<p>Los usuarios de esta p\u00e1gina web son conscientes de todo lo expuesto m\u00e1s arriba y lo aceptan voluntariamente.<\/p>\n","protected":false},"excerpt":{"rendered":"<p>AVISO LEGAL Esta p\u00e1gina web ha sido creada por Carme Ruscalleda (en adelante, Restaurant Sant Pau) con car\u00e1cter informativo. El acceso a esta p\u00e1gina implica el conocimiento y la aceptaci\u00f3n de los t\u00e9rminos y condiciones que aparecen a continuaci\u00f3n. Titularidad de la p\u00e1gina web El nombre del dominio\u00a0www.ruscalleda.com, est\u00e1 registrado a favor de Restaurant Sant [&hellip;]<\/p>\n","protected":false},"author":1,"featured_media":0,"parent":0,"menu_order":0,"comment_status":"closed","ping_status":"open","template":"","meta":{"footnotes":""},"class_list":["post-1586","page","type-page","status-publish","hentry"],"_links":{"self":[{"href":"https:\/\/ruscalleda.cat\/es\/wp-json\/wp\/v2\/pages\/1586","targetHints":{"allow":["GET"]}}],"collection":[{"href":"https:\/\/ruscalleda.cat\/es\/wp-json\/wp\/v2\/pages"}],"about":[{"href":"https:\/\/ruscalleda.cat\/es\/wp-json\/wp\/v2\/types\/page"}],"author":[{"embeddable":true,"href":"https:\/\/ruscalleda.cat\/es\/wp-json\/wp\/v2\/users\/1"}],"replies":[{"embeddable":true,"href":"https:\/\/ruscalleda.cat\/es\/wp-json\/wp\/v2\/comments?post=1586"}],"version-history":[{"count":0,"href":"https:\/\/ruscalleda.cat\/es\/wp-json\/wp\/v2\/pages\/1586\/revisions"}],"wp:attachment":[{"href":"https:\/\/ruscalleda.cat\/es\/wp-json\/wp\/v2\/media?parent=1586"}],"curies":[{"name":"wp","href":"https:\/\/api.w.org\/{rel}","templated":true}]}}